{"id":17,"date":"2025-04-07T01:03:29","date_gmt":"2025-04-06T23:03:29","guid":{"rendered":"https:\/\/ihivepro.com\/?page_id=17"},"modified":"2025-04-07T01:28:55","modified_gmt":"2025-04-06T23:28:55","slug":"kezdolap","status":"publish","type":"page","link":"http:\/\/ihivepro.com\/index.php\/kezdolap\/","title":{"rendered":"Kezd\u0151lap"},"content":{"rendered":"\t\t<div data-elementor-type=\"wp-page\" data-elementor-id=\"17\" class=\"elementor elementor-17\" data-elementor-post-type=\"page\">\n\t\t\t\t<div class=\"elementor-element elementor-element-e495ed7 e-flex e-con-boxed e-con e-parent\" data-id=\"e495ed7\" data-element_type=\"container\">\n\t\t\t\t\t<div class=\"e-con-inner\">\n\t\t\t\t<div class=\"elementor-element elementor-element-0f538d6 elementor-widget elementor-widget-video\" data-id=\"0f538d6\" data-element_type=\"widget\" data-settings=\"{&quot;video_type&quot;:&quot;hosted&quot;,&quot;autoplay&quot;:&quot;yes&quot;,&quot;loop&quot;:&quot;yes&quot;,&quot;controls&quot;:&quot;yes&quot;}\" data-widget_type=\"video.default\">\n\t\t\t\t<div class=\"elementor-widget-container\">\n\t\t\t\t\t\t\t<div class=\"e-hosted-video elementor-wrapper elementor-open-inline\">\n\t\t\t\t\t<video class=\"elementor-video\" src=\"http:\/\/ihivepro.com\/wp-content\/uploads\/2025\/04\/IHive-Pro.mp4\" autoplay=\"\" loop=\"\" controls=\"\" controlsList=\"nodownload\"><\/video>\n\t\t\t\t<\/div>\n\t\t\t\t\t\t<\/div>\n\t\t\t\t<\/div>\n\t\t\t\t\t<\/div>\n\t\t\t\t<\/div>\n\t\t<div class=\"elementor-element elementor-element-a06957d e-flex e-con-boxed e-con e-parent\" data-id=\"a06957d\" data-element_type=\"container\">\n\t\t\t\t\t<div class=\"e-con-inner\">\n\t\t\t\t<div class=\"elementor-element elementor-element-ee66b26 elementor-widget elementor-widget-text-editor\" data-id=\"ee66b26\" data-element_type=\"widget\" data-widget_type=\"text-editor.default\">\n\t\t\t\t<div class=\"elementor-widget-container\">\n\t\t\t\t\t\t\t\t\t<h2 class=\"\" data-start=\"154\" data-end=\"204\">\ud83d\udc1d Mi\u00e9rt fontosak a m\u00e9hek az emberis\u00e9g sz\u00e1m\u00e1ra?<\/h2><ul data-start=\"206\" data-end=\"803\"><li class=\"\" data-start=\"206\" data-end=\"346\"><p class=\"\" data-start=\"208\" data-end=\"346\">A m\u00e9hek a beporz\u00f3 rovarok legfontosabbjai, a vil\u00e1g mez\u0151gazdas\u00e1gi termel\u00e9s\u00e9nek <strong data-start=\"286\" data-end=\"306\">t\u00f6bb mint 70%-\u00e1t<\/strong> \u00e9rintik k\u00f6zvetlen\u00fcl vagy k\u00f6zvetetten.<\/p><\/li><li class=\"\" data-start=\"347\" data-end=\"477\"><p class=\"\" data-start=\"349\" data-end=\"477\">A vadon \u00e9l\u0151 n\u00f6v\u00e9nyek nagy r\u00e9sz\u00e9nek fennmarad\u00e1s\u00e1hoz is elengedhetetlenek \u2013 n\u00e9lk\u00fcl\u00fck drasztikusan cs\u00f6kkenne a <strong data-start=\"457\" data-end=\"474\">biodiverzit\u00e1s<\/strong>.<\/p><\/li><li class=\"\" data-start=\"478\" data-end=\"627\"><p class=\"\" data-start=\"480\" data-end=\"627\">Az \u00e9lelmiszer-ell\u00e1t\u00e1s biztons\u00e1g\u00e1t k\u00f6zvetlen\u00fcl befoly\u00e1solj\u00e1k: ha a m\u00e9hpopul\u00e1ci\u00f3 \u00f6sszeomlik, az az <strong data-start=\"577\" data-end=\"624\">emberi \u00e9lelmez\u00e9sre is komoly hat\u00e1ssal lenne<\/strong>.<\/p><\/li><li class=\"\" data-start=\"628\" data-end=\"803\"><p class=\"\" data-start=\"630\" data-end=\"803\">Az elm\u00falt \u00e9vtizedekben vil\u00e1gszerte aggaszt\u00f3 m\u00e9rt\u00e9kben cs\u00f6kkent a m\u00e9h\u00e1llom\u00e1ny \u2013 <strong data-start=\"709\" data-end=\"772\">betegs\u00e9gek, vegyszerek, \u00e9l\u0151helyek elt\u0171n\u00e9se \u00e9s kl\u00edmav\u00e1ltoz\u00e1s<\/strong> egyar\u00e1nt k\u00f6zrej\u00e1tszanak ebben.<\/p><\/li><\/ul><hr class=\"\" data-start=\"805\" data-end=\"808\" \/><h2 class=\"\" data-start=\"810\" data-end=\"859\">\ud83d\udce1 Okos kapt\u00e1r \u2013 Digit\u00e1lis m\u00e9hfigyel\u0151 rendszer<\/h2><p><img fetchpriority=\"high\" decoding=\"async\" class=\"alignnone size-full wp-image-40\" src=\"http:\/\/ihivepro.com\/wp-content\/uploads\/2025\/04\/Rendszer.jpg\" alt=\"\" width=\"300\" height=\"200\" \/><\/p><p class=\"\" data-start=\"861\" data-end=\"1107\">A modern technol\u00f3gia seg\u00edts\u00e9g\u00e9vel olyan rendszert fejlesztett\u00fcnk ki, amely lehet\u0151v\u00e9 teszi a kapt\u00e1r \u00e1llapot\u00e1nak <strong data-start=\"972\" data-end=\"1004\">val\u00f3s idej\u0171, t\u00e1vfel\u00fcgyelet\u00e9t<\/strong>. Ez nemcsak a m\u00e9hcsal\u00e1d eg\u00e9szs\u00e9g\u00e9nek meg\u0151rz\u00e9s\u00e9ben seg\u00edt, hanem <strong data-start=\"1068\" data-end=\"1106\">a m\u00e9h\u00e9szek munk\u00e1j\u00e1t is megk\u00f6nny\u00edti<\/strong>.<\/p><h3 class=\"\" data-start=\"1109\" data-end=\"1141\">\ud83d\udd0d A rendszer f\u0151bb funkci\u00f3i:<\/h3><h4 class=\"\" data-start=\"1143\" data-end=\"1181\">1. <strong data-start=\"1151\" data-end=\"1181\">Bels\u0151 h\u0151m\u00e9rs\u00e9klet-figyel\u00e9s<\/strong><\/h4><ul data-start=\"1182\" data-end=\"1259\"><li class=\"\" data-start=\"1182\" data-end=\"1259\"><p class=\"\" data-start=\"1184\" data-end=\"1259\">A kapt\u00e1r belsej\u00e9ben elhelyezett \u00e9rz\u00e9kel\u0151 folyamatosan m\u00e9ri a h\u0151m\u00e9rs\u00e9kletet.<\/p><\/li><\/ul><h4 class=\"\" data-start=\"1261\" data-end=\"1289\">2. <strong data-start=\"1269\" data-end=\"1289\">Kapt\u00e1r s\u00falym\u00e9r\u00e9s<\/strong><\/h4><ul data-start=\"1290\" data-end=\"1448\"><li class=\"\" data-start=\"1290\" data-end=\"1381\"><p class=\"\" data-start=\"1292\" data-end=\"1381\">A rendszer figyeli a kapt\u00e1r teljes s\u00faly\u00e1t, \u00edgy pontos k\u00e9pet ad a m\u00e9zgy\u0171jt\u00e9s alakul\u00e1s\u00e1r\u00f3l.<\/p><\/li><li class=\"\" data-start=\"1382\" data-end=\"1448\"><p class=\"\" data-start=\"1384\" data-end=\"1448\">Seg\u00edt eld\u00f6nteni, <strong data-start=\"1401\" data-end=\"1447\">mikor a legide\u00e1lisabb id\u0151pont a p\u00f6rget\u00e9sre<\/strong>.<\/p><\/li><\/ul><h4 class=\"\" data-start=\"1450\" data-end=\"1491\">3. <strong data-start=\"1458\" data-end=\"1491\">M\u00e9hek mozg\u00e1s\u00e1nak megfigyel\u00e9se<\/strong><\/h4><ul data-start=\"1492\" data-end=\"1681\"><li class=\"\" data-start=\"1492\" data-end=\"1576\"><p class=\"\" data-start=\"1494\" data-end=\"1576\">A kapt\u00e1r bej\u00e1rat\u00e1n\u00e1l elhelyezett szenzorok megsz\u00e1molj\u00e1k a ki- \u00e9s berep\u00fcl\u0151 m\u00e9heket.<\/p><\/li><li class=\"\" data-start=\"1577\" data-end=\"1681\"><p class=\"\" data-start=\"1579\" data-end=\"1681\">\u00cdgy k\u00f6vethet\u0151 a m\u00e9h\u00e1llom\u00e1ny v\u00e1ltoz\u00e1sa, ami <strong data-start=\"1622\" data-end=\"1680\">korai figyelmeztet\u00e9st adhat betegs\u00e9gre vagy elhull\u00e1sra<\/strong>.<\/p><\/li><\/ul><h4 class=\"\" data-start=\"1683\" data-end=\"1738\">4. <strong data-start=\"1691\" data-end=\"1738\">Val\u00f3s idej\u0171 adatk\u00fcld\u00e9s interneten kereszt\u00fcl<\/strong><\/h4><ul data-start=\"1739\" data-end=\"1917\"><li class=\"\" data-start=\"1739\" data-end=\"1854\"><p class=\"\" data-start=\"1741\" data-end=\"1854\">A rendszer az adatokat a felh\u0151be tov\u00e1bb\u00edtja, a m\u00e9h\u00e9sz pedig <strong data-start=\"1801\" data-end=\"1853\">b\u00e1rmikor hozz\u00e1f\u00e9rhet mobilr\u00f3l vagy sz\u00e1m\u00edt\u00f3g\u00e9pr\u0151l<\/strong>.<\/p><\/li><li class=\"\" data-start=\"1855\" data-end=\"1917\"><p class=\"\" data-start=\"1857\" data-end=\"1917\">Riaszt\u00e1sokat is k\u00fcld, ha a rendszer gyan\u00fas v\u00e1ltoz\u00e1st \u00e9szlel.<\/p><\/li><\/ul><h4 class=\"\" data-start=\"1919\" data-end=\"1955\">5. <strong data-start=\"1927\" data-end=\"1955\">Korai betegs\u00e9gfelismer\u00e9s<\/strong><\/h4><ul data-start=\"1956\" data-end=\"2152\"><li class=\"\" data-start=\"1956\" data-end=\"2068\"><p class=\"\" data-start=\"1958\" data-end=\"2068\">Ha est\u00e9re kevesebb m\u00e9h t\u00e9r vissza, mint amennyi reggel kirep\u00fclt, <strong data-start=\"2023\" data-end=\"2067\">azonnali figyelmeztet\u00e9st k\u00fcld a rendszer<\/strong>.<\/p><\/li><li class=\"\" data-start=\"2069\" data-end=\"2152\"><p class=\"\" data-start=\"2071\" data-end=\"2152\">\u00cdgy id\u0151ben be lehet avatkozni \u2013 m\u00e9g miel\u0151tt a csal\u00e1d komolyabb vesz\u00e9lybe ker\u00fclne.<\/p><\/li><\/ul><hr class=\"\" data-start=\"2154\" data-end=\"2157\" \/><h2 class=\"\" data-start=\"2159\" data-end=\"2197\">\ud83e\uddd1\u200d\ud83c\udf3e Mi\u00e9rt hasznos ez a m\u00e9h\u00e9sznek?<\/h2><ul data-start=\"2199\" data-end=\"2560\"><li class=\"\" data-start=\"2199\" data-end=\"2270\"><p class=\"\" data-start=\"2201\" data-end=\"2270\"><strong data-start=\"2201\" data-end=\"2229\">Korai probl\u00e9madetekt\u00e1l\u00e1s<\/strong>: megel\u0151zhet\u0151 a teljes csal\u00e1d elveszt\u00e9se.<\/p><\/li><li class=\"\" data-start=\"2271\" data-end=\"2352\"><p class=\"\" data-start=\"2273\" data-end=\"2352\"><strong data-start=\"2273\" data-end=\"2304\">Kevesebb stressz a m\u00e9heknek<\/strong>: nem kell minden kapt\u00e1rt fizikailag nyitogatni.<\/p><\/li><li class=\"\" data-start=\"2353\" data-end=\"2447\"><p class=\"\" data-start=\"2355\" data-end=\"2447\"><strong data-start=\"2355\" data-end=\"2382\">Hat\u00e9konyabb munkav\u00e9gz\u00e9s<\/strong>: pontos adatokkal lehet id\u0151z\u00edteni a kezel\u00e9seket \u00e9s p\u00f6rget\u00e9seket.<\/p><\/li><li class=\"\" data-start=\"2448\" data-end=\"2560\"><p class=\"\" data-start=\"2450\" data-end=\"2560\"><strong data-start=\"2450\" data-end=\"2473\">Sk\u00e1l\u00e1zhat\u00f3 megold\u00e1s<\/strong>: k\u00fcl\u00f6n\u00f6sen hasznos nagyobb m\u00e9h\u00e9szetekn\u00e9l, ahol ak\u00e1r t\u00f6bb sz\u00e1z kapt\u00e1rt kell fel\u00fcgyelni.<\/p><\/li><\/ul><hr class=\"\" data-start=\"2562\" data-end=\"2565\" \/><h2 class=\"\" data-start=\"2567\" data-end=\"2616\">\ud83d\udd27 Fejleszt\u00e9s alatt \u2013 m\u00e1r m\u0171k\u00f6d\u0151 protot\u00edpussal<\/h2><ul data-start=\"2618\" data-end=\"3101\"><li class=\"\" data-start=\"2618\" data-end=\"2699\"><p class=\"\" data-start=\"2620\" data-end=\"2699\">A rendszer <strong data-start=\"2631\" data-end=\"2678\">els\u0151 verzi\u00f3ja m\u00e1r tesztk\u00f6rnyezetben m\u0171k\u00f6dik<\/strong>, val\u00f3s kapt\u00e1rokon.<\/p><\/li><li class=\"\" data-start=\"2700\" data-end=\"2818\"><p class=\"\" data-start=\"2702\" data-end=\"2818\">Az eddigi eredm\u00e9nyek rendk\u00edv\u00fcl biztat\u00f3ak: a rendszer <strong data-start=\"2755\" data-end=\"2817\">pontos \u00e9s megb\u00edzhat\u00f3 visszajelz\u00e9st ad a kapt\u00e1r \u00e1llapot\u00e1r\u00f3l<\/strong>.<\/p><\/li><li class=\"\" data-start=\"2819\" data-end=\"2939\"><p class=\"\" data-start=\"2821\" data-end=\"2939\"><strong data-start=\"2821\" data-end=\"2850\">Terveink szerint m\u00e9g id\u00e9n<\/strong> szeretn\u00e9nk plusz forr\u00e1sokat bevonni a rendszer <strong data-start=\"2898\" data-end=\"2938\">v\u00e9gleges\u00edt\u00e9s\u00e9hez \u00e9s piacra dob\u00e1s\u00e1hoz<\/strong>.<\/p><\/li><li class=\"\" data-start=\"2940\" data-end=\"3101\"><p class=\"\" data-start=\"2942\" data-end=\"3101\">C\u00e9lunk, hogy minden m\u00e9h\u00e9sz sz\u00e1m\u00e1ra <strong data-start=\"2977\" data-end=\"3032\">el\u00e9rhet\u0151, k\u00f6nnyen haszn\u00e1lhat\u00f3 \u00e9s megb\u00edzhat\u00f3 eszk\u00f6zt<\/strong> biztos\u00edtsunk a m\u00e9hek v\u00e9delm\u00e9re \u00e9s a modern m\u00e9h\u00e9szked\u00e9s t\u00e1mogat\u00e1s\u00e1ra.<\/p><\/li><\/ul><hr class=\"\" data-start=\"3103\" data-end=\"3106\" \/><p class=\"\" data-start=\"3108\" data-end=\"3198\"><strong data-start=\"3108\" data-end=\"3121\">Fejleszt\u0151<\/strong>: D\u00e9ri P\u00e9ter<br data-start=\"3133\" data-end=\"3136\" \/><strong data-start=\"3136\" data-end=\"3151\">El\u00e9rhet\u0151s\u00e9g<\/strong>: <a class=\"cursor-pointer\" rel=\"noopener\" data-start=\"3153\" data-end=\"3198\">info@ihivepro.com<\/a><\/p>\t\t\t\t\t\t\t\t<\/div>\n\t\t\t\t<\/div>\n\t\t\t\t\t<\/div>\n\t\t\t\t<\/div>\n\t\t\t\t<\/div>\n\t\t","protected":false},"excerpt":{"rendered":"<p>http:\/\/ihivepro.com\/wp-content\/uploads\/2025\/04\/IHive-Pro.mp4 \ud83d\udc1d Mi\u00e9rt fontosak a m\u00e9hek az emberis\u00e9g sz\u00e1m\u00e1ra? A m\u00e9hek a beporz\u00f3 rovarok legfontosabbjai, a vil\u00e1g mez\u0151gazdas\u00e1gi termel\u00e9s\u00e9nek t\u00f6bb mint 70%-\u00e1t \u00e9rintik k\u00f6zvetlen\u00fcl vagy k\u00f6zvetetten. A vadon \u00e9l\u0151 n\u00f6v\u00e9nyek nagy r\u00e9sz\u00e9nek fennmarad\u00e1s\u00e1hoz is elengedhetetlenek \u2013 n\u00e9lk\u00fcl\u00fck drasztikusan cs\u00f6kkenne a biodiverzit\u00e1s. Az \u00e9lelmiszer-ell\u00e1t\u00e1s biztons\u00e1g\u00e1t k\u00f6zvetlen\u00fcl befoly\u00e1solj\u00e1k: ha a m\u00e9hpopul\u00e1ci\u00f3 \u00f6sszeomlik, az az emberi \u00e9lelmez\u00e9sre is [&hellip;]<\/p>\n","protected":false},"author":1,"featured_media":0,"parent":0,"menu_order":0,"comment_status":"closed","ping_status":"closed","template":"","meta":{"footnotes":""},"class_list":["post-17","page","type-page","status-publish","hentry"],"_links":{"self":[{"href":"http:\/\/ihivepro.com\/index.php\/wp-json\/wp\/v2\/pages\/17","targetHints":{"allow":["GET"]}}],"collection":[{"href":"http:\/\/ihivepro.com\/index.php\/wp-json\/wp\/v2\/pages"}],"about":[{"href":"http:\/\/ihivepro.com\/index.php\/wp-json\/wp\/v2\/types\/page"}],"author":[{"embeddable":true,"href":"http:\/\/ihivepro.com\/index.php\/wp-json\/wp\/v2\/users\/1"}],"replies":[{"embeddable":true,"href":"http:\/\/ihivepro.com\/index.php\/wp-json\/wp\/v2\/comments?post=17"}],"version-history":[{"count":22,"href":"http:\/\/ihivepro.com\/index.php\/wp-json\/wp\/v2\/pages\/17\/revisions"}],"predecessor-version":[{"id":53,"href":"http:\/\/ihivepro.com\/index.php\/wp-json\/wp\/v2\/pages\/17\/revisions\/53"}],"wp:attachment":[{"href":"http:\/\/ihivepro.com\/index.php\/wp-json\/wp\/v2\/media?parent=17"}],"curies":[{"name":"wp","href":"https:\/\/api.w.org\/{rel}","templated":true}]}}